{"id":1154,"date":"2025-01-06T22:05:45","date_gmt":"2025-01-06T22:05:45","guid":{"rendered":"https:\/\/kvasquezlaw.com\/?page_id=1154"},"modified":"2025-04-09T16:26:52","modified_gmt":"2025-04-09T16:26:52","slug":"privacy-policy","status":"publish","type":"page","link":"https:\/\/kvasquezlaw.com\/es\/privacy-policy\/","title":{"rendered":"Pol\u00edtica de privacidad"},"content":{"rendered":"<div data-elementor-type=\"wp-page\" data-elementor-id=\"1154\" class=\"elementor elementor-1154\" data-elementor-post-type=\"page\">\n\t\t\t\t<div class=\"elementor-element elementor-element-96a9441 e-flex e-con-boxed e-con e-parent\" data-id=\"96a9441\" data-element_type=\"container\" data-e-type=\"container\">\n\t\t\t\t\t<div class=\"e-con-inner\">\n\t\t\t\t<div class=\"elementor-element elementor-element-9286043 elementor-widget elementor-widget-spacer\" data-id=\"9286043\" data-element_type=\"widget\" data-e-type=\"widget\" data-widget_type=\"spacer.default\">\n\t\t\t\t<div class=\"elementor-widget-container\">\n\t\t\t\t\t\t\t<div class=\"elementor-spacer\">\n\t\t\t<div class=\"elementor-spacer-inner\"><\/div>\n\t\t<\/div>\n\t\t\t\t\t\t<\/div>\n\t\t\t\t<\/div>\n\t\t\t\t<div class=\"elementor-element elementor-element-30552dc elementor-widget elementor-widget-heading\" data-id=\"30552dc\" data-element_type=\"widget\" data-e-type=\"widget\" data-widget_type=\"heading.default\">\n\t\t\t\t<div class=\"elementor-widget-container\">\n\t\t\t\t\t<h2 class=\"elementor-heading-title elementor-size-default\">Pol\u00edtica de privacidad<\/h2>\t\t\t\t<\/div>\n\t\t\t\t<\/div>\n\t\t\t\t<div class=\"elementor-element elementor-element-cffd152 elementor-widget elementor-widget-spacer\" data-id=\"cffd152\" data-element_type=\"widget\" data-e-type=\"widget\" data-widget_type=\"spacer.default\">\n\t\t\t\t<div class=\"elementor-widget-container\">\n\t\t\t\t\t\t\t<div class=\"elementor-spacer\">\n\t\t\t<div class=\"elementor-spacer-inner\"><\/div>\n\t\t<\/div>\n\t\t\t\t\t\t<\/div>\n\t\t\t\t<\/div>\n\t\t\t\t<div class=\"elementor-element elementor-element-fbdf74d elementor-widget elementor-widget-text-editor\" data-id=\"fbdf74d\" data-element_type=\"widget\" data-e-type=\"widget\" data-widget_type=\"text-editor.default\">\n\t\t\t\t<div class=\"elementor-widget-container\">\n\t\t\t\t\t\t\t\t\t<p><strong>KVASQUEZ LAW, PLLC Declaraci\u00f3n de Privacidad<\/strong><\/p><p>KVASQUEZ LAW se dedica a proteger su privacidad. Por favor, revise esta Declaraci\u00f3n de Privacidad para entender c\u00f3mo su informaci\u00f3n personal es recopilada, almacenada, utilizada y divulgada. Esta Declaraci\u00f3n de Privacidad puede ser actualizada peri\u00f3dicamente, as\u00ed que por favor vuelva a comprobar si hay cambios.<\/p>\t\t\t\t\t\t\t\t<\/div>\n\t\t\t\t<\/div>\n\t\t\t\t<div class=\"elementor-element elementor-element-edea715 elementor-widget elementor-widget-spacer\" data-id=\"edea715\" data-element_type=\"widget\" data-e-type=\"widget\" data-widget_type=\"spacer.default\">\n\t\t\t\t<div class=\"elementor-widget-container\">\n\t\t\t\t\t\t\t<div class=\"elementor-spacer\">\n\t\t\t<div class=\"elementor-spacer-inner\"><\/div>\n\t\t<\/div>\n\t\t\t\t\t\t<\/div>\n\t\t\t\t<\/div>\n\t\t\t\t<div class=\"elementor-element elementor-element-09e2e45 elementor-widget elementor-widget-text-editor\" data-id=\"09e2e45\" data-element_type=\"widget\" data-e-type=\"widget\" data-widget_type=\"text-editor.default\">\n\t\t\t\t<div class=\"elementor-widget-container\">\n\t\t\t\t\t\t\t\t\t<p><strong>Recogida y uso de datos personales<br \/><\/strong><br \/>KVASQUEZ LAW recopila informaci\u00f3n personal en el curso de la prestaci\u00f3n de servicios jur\u00eddicos a los clientes, as\u00ed como de los visitantes de nuestro sitio web y los usuarios de nuestros servicios en l\u00ednea. Tambi\u00e9n podemos recopilar informaci\u00f3n personal cuando usted interact\u00faa con nosotros en plataformas de medios sociales o de otros terceros. Adem\u00e1s, parte de la informaci\u00f3n, que puede incluir datos personales, puede recopilarse autom\u00e1ticamente, como se indica en la pol\u00edtica de cookies que figura a continuaci\u00f3n.<\/p><p>Podemos utilizar su informaci\u00f3n personal para los siguientes fines, cuando ello redunde en nuestro leg\u00edtimo inter\u00e9s:<\/p><ul><li>Para responder a sus consultas y solicitudes.<\/li><li>Para personalizar su experiencia con nuestros servicios en l\u00ednea y proporcionarle asistencia.<\/li><li>Para operar, supervisar y mejorar nuestras operaciones comerciales o nuestro sitio web.<\/li><li>Facilitar los procesos de selecci\u00f3n y contrataci\u00f3n.<\/li><li>Prestar servicios jur\u00eddicos y tramitar asuntos seg\u00fan sus instrucciones, si usted es o se convierte en cliente.<\/li><li>Para informarle sobre actualizaciones o novedades jur\u00eddicas, a menos que opte por no recibir dichas comunicaciones.<\/li><li>Cumplir las leyes, reglamentos y normas profesionales aplicables.<\/li><\/ul>\t\t\t\t\t\t\t\t<\/div>\n\t\t\t\t<\/div>\n\t\t\t\t<div class=\"elementor-element elementor-element-a178f90 elementor-widget elementor-widget-spacer\" data-id=\"a178f90\" data-element_type=\"widget\" data-e-type=\"widget\" data-widget_type=\"spacer.default\">\n\t\t\t\t<div class=\"elementor-widget-container\">\n\t\t\t\t\t\t\t<div class=\"elementor-spacer\">\n\t\t\t<div class=\"elementor-spacer-inner\"><\/div>\n\t\t<\/div>\n\t\t\t\t\t\t<\/div>\n\t\t\t\t<\/div>\n\t\t\t\t<div class=\"elementor-element elementor-element-f1b3fd1 elementor-widget elementor-widget-text-editor\" data-id=\"f1b3fd1\" data-element_type=\"widget\" data-e-type=\"widget\" data-widget_type=\"text-editor.default\">\n\t\t\t\t<div class=\"elementor-widget-container\">\n\t\t\t\t\t\t\t\t\t<p><strong>Compartir y divulgar informaci\u00f3n personal<\/strong><\/p><p><br \/>Sus datos personales no se vender\u00e1n, intercambiar\u00e1n ni alquilar\u00e1n a terceros. Tampoco permitimos que terceros rastreen sus actividades en l\u00ednea en otros sitios web mientras usted utiliza el nuestro. Sin embargo, podemos revelar informaci\u00f3n personal a organismos reguladores o a las fuerzas de seguridad cuando as\u00ed lo exija la ley o cuando tengamos una base leg\u00edtima, como investigaciones, defensa legal o cuestiones de cumplimiento.<\/p>\t\t\t\t\t\t\t\t<\/div>\n\t\t\t\t<\/div>\n\t\t\t\t<div class=\"elementor-element elementor-element-73b5a0a elementor-widget elementor-widget-spacer\" data-id=\"73b5a0a\" data-element_type=\"widget\" data-e-type=\"widget\" data-widget_type=\"spacer.default\">\n\t\t\t\t<div class=\"elementor-widget-container\">\n\t\t\t\t\t\t\t<div class=\"elementor-spacer\">\n\t\t\t<div class=\"elementor-spacer-inner\"><\/div>\n\t\t<\/div>\n\t\t\t\t\t\t<\/div>\n\t\t\t\t<\/div>\n\t\t\t\t<div class=\"elementor-element elementor-element-083785d elementor-widget elementor-widget-text-editor\" data-id=\"083785d\" data-element_type=\"widget\" data-e-type=\"widget\" data-widget_type=\"text-editor.default\">\n\t\t\t\t<div class=\"elementor-widget-container\">\n\t\t\t\t\t\t\t\t\t<p><strong>Seguridad, conservaci\u00f3n y confidencialidad de la informaci\u00f3n personal<br \/><\/strong><br \/>Aplicamos medidas de seguridad f\u00edsicas, tecnol\u00f3gicas y de procedimiento razonables para proteger la confidencialidad de la informaci\u00f3n personal, incluidos los datos facilitados a trav\u00e9s de este sitio web y otros servicios en l\u00ednea. Sin embargo, estas medidas no pueden garantizar una seguridad absoluta.<\/p><p>Como parte de nuestras responsabilidades profesionales, mantenemos una estricta confidencialidad con respecto a la informaci\u00f3n de nuestros clientes. Tambi\u00e9n esperamos que nuestros consultores, vendedores y proveedores de servicios mantengan normas similares de protecci\u00f3n de datos, incluido el cumplimiento de las leyes pertinentes, como la normativa de protecci\u00f3n de datos de la Uni\u00f3n Europea, cuando proceda.<\/p><p><strong><br \/>Conservaci\u00f3n de datos personales<br \/><\/strong><br \/>Conservamos su informaci\u00f3n personal mientras sirva para fines legales o comerciales razonables, de acuerdo con la legislaci\u00f3n aplicable. Cuando ya no sean necesarios, tomaremos medidas para eliminar de forma segura o anonimizar la informaci\u00f3n, a menos que su conservaci\u00f3n sea necesaria por obligaciones legales o profesionales.<\/p>\t\t\t\t\t\t\t\t<\/div>\n\t\t\t\t<\/div>\n\t\t\t\t<div class=\"elementor-element elementor-element-3d05e5c elementor-widget elementor-widget-spacer\" data-id=\"3d05e5c\" data-element_type=\"widget\" data-e-type=\"widget\" data-widget_type=\"spacer.default\">\n\t\t\t\t<div class=\"elementor-widget-container\">\n\t\t\t\t\t\t\t<div class=\"elementor-spacer\">\n\t\t\t<div class=\"elementor-spacer-inner\"><\/div>\n\t\t<\/div>\n\t\t\t\t\t\t<\/div>\n\t\t\t\t<\/div>\n\t\t\t\t<div class=\"elementor-element elementor-element-6a770f3 elementor-widget elementor-widget-heading\" data-id=\"6a770f3\" data-element_type=\"widget\" data-e-type=\"widget\" data-widget_type=\"heading.default\">\n\t\t\t\t<div class=\"elementor-widget-container\">\n\t\t\t\t\t<h2 class=\"elementor-heading-title elementor-size-default\"><a href=\"https:\/\/kvasquezlaw.com\/es\/cookies-policy\/\"><u>Pol\u00edtica de cookies<\/u><\/a><\/h2>\t\t\t\t<\/div>\n\t\t\t\t<\/div>\n\t\t\t\t<div class=\"elementor-element elementor-element-a57a144 elementor-widget elementor-widget-text-editor\" data-id=\"a57a144\" data-element_type=\"widget\" data-e-type=\"widget\" data-widget_type=\"text-editor.default\">\n\t\t\t\t<div class=\"elementor-widget-container\">\n\t\t\t\t\t\t\t\t\t<p>Las cookies son peque\u00f1os archivos de texto que los sitios web que visita env\u00edan a su dispositivo. Pueden ser de sesi\u00f3n (temporales y se borran al cerrar el navegador) o persistentes (permanecen hasta que se borran manualmente o caducan).<\/p><p>KVASQUEZ LAW utiliza cookies con fines tales como mejorar la seguridad, adaptar la experiencia del usuario, recordar preferencias y supervisar el uso de nuestros servicios en l\u00ednea. Las cookies persistentes, como la cookie de c\u00f3digo de regi\u00f3n, garantizan que se le dirija a la versi\u00f3n correcta de nuestro sitio web.<\/p><p>Aunque podemos utilizar servicios de terceros para funciones relacionadas con las cookies, no permitimos que estos proveedores accedan a informaci\u00f3n personal identificable. Puede ajustar la configuraci\u00f3n de su navegador para que rechace las cookies o le avise cuando se coloquen. Tenga en cuenta que algunas funciones del sitio web pueden funcionar de forma diferente o menos eficaz sin cookies.<\/p>\t\t\t\t\t\t\t\t<\/div>\n\t\t\t\t<\/div>\n\t\t\t\t<div class=\"elementor-element elementor-element-99094ad elementor-widget elementor-widget-spacer\" data-id=\"99094ad\" data-element_type=\"widget\" data-e-type=\"widget\" data-widget_type=\"spacer.default\">\n\t\t\t\t<div class=\"elementor-widget-container\">\n\t\t\t\t\t\t\t<div class=\"elementor-spacer\">\n\t\t\t<div class=\"elementor-spacer-inner\"><\/div>\n\t\t<\/div>\n\t\t\t\t\t\t<\/div>\n\t\t\t\t<\/div>\n\t\t\t\t<div class=\"elementor-element elementor-element-2afbf2a elementor-widget elementor-widget-text-editor\" data-id=\"2afbf2a\" data-element_type=\"widget\" data-e-type=\"widget\" data-widget_type=\"text-editor.default\">\n\t\t\t\t<div class=\"elementor-widget-container\">\n\t\t\t\t\t\t\t\t\t<p><strong>Cambios pol\u00edticos<br \/><\/strong><br \/>Nos reservamos el derecho a actualizar esta Declaraci\u00f3n de Privacidad en cualquier momento y sin previo aviso. Las nuevas pol\u00edticas se publicar\u00e1n en nuestro sitio web y en otras plataformas en l\u00ednea, seg\u00fan proceda.<\/p>\t\t\t\t\t\t\t\t<\/div>\n\t\t\t\t<\/div>\n\t\t\t\t<div class=\"elementor-element elementor-element-cbf6f4f elementor-widget elementor-widget-spacer\" data-id=\"cbf6f4f\" data-element_type=\"widget\" data-e-type=\"widget\" data-widget_type=\"spacer.default\">\n\t\t\t\t<div class=\"elementor-widget-container\">\n\t\t\t\t\t\t\t<div class=\"elementor-spacer\">\n\t\t\t<div class=\"elementor-spacer-inner\"><\/div>\n\t\t<\/div>\n\t\t\t\t\t\t<\/div>\n\t\t\t\t<\/div>\n\t\t\t\t<div class=\"elementor-element elementor-element-ee4bd86 elementor-widget elementor-widget-text-editor\" data-id=\"ee4bd86\" data-element_type=\"widget\" data-e-type=\"widget\" data-widget_type=\"text-editor.default\">\n\t\t\t\t<div class=\"elementor-widget-container\">\n\t\t\t\t\t\t\t\t\t<p><strong>Contacte con nosotros<br \/><\/strong><br \/>Su privacidad y seguridad son prioritarias para nosotros. Nos esforzamos por construir una relaci\u00f3n de confianza con usted y mejorar continuamente nuestros servicios para satisfacer sus necesidades. Si tiene alguna pregunta sobre esta Declaraci\u00f3n de privacidad, nuestras pr\u00e1cticas o desea hacernos llegar sus comentarios, p\u00f3ngase en contacto con nosotros.<\/p>\t\t\t\t\t\t\t\t<\/div>\n\t\t\t\t<\/div>\n\t\t\t\t<div class=\"elementor-element elementor-element-a456ce1 elementor-widget elementor-widget-spacer\" data-id=\"a456ce1\" data-element_type=\"widget\" data-e-type=\"widget\" data-widget_type=\"spacer.default\">\n\t\t\t\t<div class=\"elementor-widget-container\">\n\t\t\t\t\t\t\t<div class=\"elementor-spacer\">\n\t\t\t<div class=\"elementor-spacer-inner\"><\/div>\n\t\t<\/div>\n\t\t\t\t\t\t<\/div>\n\t\t\t\t<\/div>\n\t\t\t\t<div class=\"elementor-element elementor-element-9df93fb elementor-widget elementor-widget-text-editor\" data-id=\"9df93fb\" data-element_type=\"widget\" data-e-type=\"widget\" data-widget_type=\"text-editor.default\">\n\t\t\t\t<div class=\"elementor-widget-container\">\n\t\t\t\t\t\t\t\t\t<p><strong>T\u00e9rminos y condiciones de los SMS<br \/><\/strong><br \/><span data-teams=\"true\">Descripci\u00f3n del producto Al proporcionar su n\u00famero de tel\u00e9fono m\u00f3vil, usted da su consentimiento para recibir mensajes SMS de KVASQUEZ LAW, PLLC relacionados con recibir actualizaciones. Frecuencia de los mensajes La frecuencia de los mensajes puede variar.  Tarifas de mensajes y datos Pueden aplicarse tarifas est\u00e1ndar de mensajes y datos dependiendo de su operador. Opting Out Usted puede optar por no recibir mensajes SMS en cualquier momento respondiendo con \"STOP\" a cualquier mensaje SMS que reciba de nosotros. Despu\u00e9s de darse de baja, recibir\u00e1 un mensaje de confirmaci\u00f3n y dejaremos de enviar mensajes SMS a su n\u00famero.  Ayuda y asistencia Si necesita ayuda o tiene preguntas sobre nuestro servicio SMS, responda con \"AYUDA\" a cualquier mensaje SMS que reciba, o p\u00f3ngase en contacto con nuestro equipo de atenci\u00f3n al cliente en legal@kvasquezlaw.com.  Pol\u00edtica de privacidad Tu n\u00famero de tel\u00e9fono se tratar\u00e1 de acuerdo con nuestra Pol\u00edtica de privacidad. No compartimos el consentimiento para recibir SMS con terceros con fines de captaci\u00f3n.<\/span><\/p><p>No se compartir\u00e1 informaci\u00f3n m\u00f3vil con terceros\/afiliados con fines de marketing\/promoci\u00f3n. Todas las categor\u00edas anteriores excluyen los datos y el consentimiento del remitente de los mensajes de texto; esta informaci\u00f3n no se compartir\u00e1 con terceros.\u00a0\u00a0\u00a0<\/p>\t\t\t\t\t\t\t\t<\/div>\n\t\t\t\t<\/div>\n\t\t\t\t<div class=\"elementor-element elementor-element-ed39865 elementor-widget elementor-widget-text-editor\" data-id=\"ed39865\" data-element_type=\"widget\" data-e-type=\"widget\" data-widget_type=\"text-editor.default\">\n\t\t\t\t<div class=\"elementor-widget-container\">\n\t\t\t\t\t\t\t\t\t<p>La \u00faltima actualizaci\u00f3n de esta declaraci\u00f3n de confidencialidad data del 9 de abril de 2025.<\/p>\t\t\t\t\t\t\t\t<\/div>\n\t\t\t\t<\/div>\n\t\t\t\t\t<\/div>\n\t\t\t\t<\/div>\n\t\t\t\t<\/div>","protected":false},"excerpt":{"rendered":"<p>Privacy Policy KVASQUEZ LAW, PLLC Privacy Statement KVASQUEZ LAW is dedicated to protecting your privacy. Please review this Privacy Statement to understand how your personal information is collected, stored, used, and disclosed. This Privacy Statement may be updated periodically, so please check back for changes. Collection and Use of Personal InformationKVASQUEZ LAW collects personal information [&hellip;]<\/p>\n","protected":false},"author":1,"featured_media":0,"parent":0,"menu_order":0,"comment_status":"closed","ping_status":"closed","template":"","meta":{"nf_dc_page":"","om_disable_all_campaigns":false,"_monsterinsights_skip_tracking":false,"_monsterinsights_sitenote_active":false,"_monsterinsights_sitenote_note":"","_monsterinsights_sitenote_category":0,"footnotes":""},"class_list":["post-1154","page","type-page","status-publish","hentry"],"yoast_head":"<!-- This site is optimized with the Yoast SEO Premium plugin v21.7 (Yoast SEO v27.5) - https:\/\/yoast.com\/product\/yoast-seo-premium-wordpress\/ -->\n<title>Privacy Policy - KVASQUEZ LAW<\/title>\n<meta name=\"robots\" content=\"index, follow, max-snippet:-1, max-image-preview:large, max-video-preview:-1\" \/>\n<link rel=\"canonical\" href=\"https:\/\/kvasquezlaw.com\/es\/privacy-policy\/\" \/>\n<meta property=\"og:locale\" content=\"es_ES\" \/>\n<meta property=\"og:type\" content=\"article\" \/>\n<meta property=\"og:title\" content=\"Privacy Policy\" \/>\n<meta property=\"og:description\" content=\"Privacy Policy KVASQUEZ LAW, PLLC Privacy Statement KVASQUEZ LAW is dedicated to protecting your privacy. Please review this Privacy Statement to understand how your personal information is collected, stored, used, and disclosed. This Privacy Statement may be updated periodically, so please check back for changes. Collection and Use of Personal InformationKVASQUEZ LAW collects personal information [&hellip;]\" \/>\n<meta property=\"og:url\" content=\"https:\/\/kvasquezlaw.com\/es\/privacy-policy\/\" \/>\n<meta property=\"og:site_name\" content=\"KVASQUEZ LAW\" \/>\n<meta property=\"article:modified_time\" content=\"2025-04-09T16:26:52+00:00\" \/>\n<meta name=\"twitter:card\" content=\"summary_large_image\" \/>\n<meta name=\"twitter:label1\" content=\"Tiempo de lectura\" \/>\n\t<meta name=\"twitter:data1\" content=\"4 minutos\" \/>\n<script type=\"application\/ld+json\" class=\"yoast-schema-graph\">{\"@context\":\"https:\\\/\\\/schema.org\",\"@graph\":[{\"@type\":\"WebPage\",\"@id\":\"https:\\\/\\\/kvasquezlaw.com\\\/privacy-policy\\\/\",\"url\":\"https:\\\/\\\/kvasquezlaw.com\\\/privacy-policy\\\/\",\"name\":\"Privacy Policy - KVASQUEZ LAW\",\"isPartOf\":{\"@id\":\"https:\\\/\\\/kvasquezlaw.com\\\/#website\"},\"datePublished\":\"2025-01-06T22:05:45+00:00\",\"dateModified\":\"2025-04-09T16:26:52+00:00\",\"breadcrumb\":{\"@id\":\"https:\\\/\\\/kvasquezlaw.com\\\/privacy-policy\\\/#breadcrumb\"},\"inLanguage\":\"es-CO\",\"potentialAction\":[{\"@type\":\"ReadAction\",\"target\":[\"https:\\\/\\\/kvasquezlaw.com\\\/privacy-policy\\\/\"]}]},{\"@type\":\"BreadcrumbList\",\"@id\":\"https:\\\/\\\/kvasquezlaw.com\\\/privacy-policy\\\/#breadcrumb\",\"itemListElement\":[{\"@type\":\"ListItem\",\"position\":1,\"name\":\"Home\",\"item\":\"https:\\\/\\\/kvasquezlaw.com\\\/\"},{\"@type\":\"ListItem\",\"position\":2,\"name\":\"Privacy Policy\"}]},{\"@type\":\"WebSite\",\"@id\":\"https:\\\/\\\/kvasquezlaw.com\\\/#website\",\"url\":\"https:\\\/\\\/kvasquezlaw.com\\\/\",\"name\":\"KVASQUEZ LAW\",\"description\":\"Just another Elementor Template Kit Sites site\",\"publisher\":{\"@id\":\"https:\\\/\\\/kvasquezlaw.com\\\/#organization\"},\"potentialAction\":[{\"@type\":\"SearchAction\",\"target\":{\"@type\":\"EntryPoint\",\"urlTemplate\":\"https:\\\/\\\/kvasquezlaw.com\\\/?s={search_term_string}\"},\"query-input\":{\"@type\":\"PropertyValueSpecification\",\"valueRequired\":true,\"valueName\":\"search_term_string\"}}],\"inLanguage\":\"es-CO\"},{\"@type\":\"Organization\",\"@id\":\"https:\\\/\\\/kvasquezlaw.com\\\/#organization\",\"name\":\"KVASQUEZ LAW\",\"url\":\"https:\\\/\\\/kvasquezlaw.com\\\/\",\"logo\":{\"@type\":\"ImageObject\",\"inLanguage\":\"es-CO\",\"@id\":\"https:\\\/\\\/kvasquezlaw.com\\\/#\\\/schema\\\/logo\\\/image\\\/\",\"url\":\"https:\\\/\\\/i0.wp.com\\\/kvasquezlaw.com\\\/wp-content\\\/uploads\\\/2024\\\/01\\\/Transparent-Logo-NEW-COLOR.png?fit=2325%2C1042&ssl=1\",\"contentUrl\":\"https:\\\/\\\/i0.wp.com\\\/kvasquezlaw.com\\\/wp-content\\\/uploads\\\/2024\\\/01\\\/Transparent-Logo-NEW-COLOR.png?fit=2325%2C1042&ssl=1\",\"width\":2325,\"height\":1042,\"caption\":\"KVASQUEZ LAW\"},\"image\":{\"@id\":\"https:\\\/\\\/kvasquezlaw.com\\\/#\\\/schema\\\/logo\\\/image\\\/\"}}]}<\/script>\n<!-- \/ Yoast SEO Premium plugin. -->","yoast_head_json":{"title":"Privacy Policy - KVASQUEZ LAW","robots":{"index":"index","follow":"follow","max-snippet":"max-snippet:-1","max-image-preview":"max-image-preview:large","max-video-preview":"max-video-preview:-1"},"canonical":"https:\/\/kvasquezlaw.com\/es\/privacy-policy\/","og_locale":"es_ES","og_type":"article","og_title":"Privacy Policy","og_description":"Privacy Policy KVASQUEZ LAW, PLLC Privacy Statement KVASQUEZ LAW is dedicated to protecting your privacy. Please review this Privacy Statement to understand how your personal information is collected, stored, used, and disclosed. This Privacy Statement may be updated periodically, so please check back for changes. Collection and Use of Personal InformationKVASQUEZ LAW collects personal information [&hellip;]","og_url":"https:\/\/kvasquezlaw.com\/es\/privacy-policy\/","og_site_name":"KVASQUEZ LAW","article_modified_time":"2025-04-09T16:26:52+00:00","twitter_card":"summary_large_image","twitter_misc":{"Tiempo de lectura":"4 minutos"},"schema":{"@context":"https:\/\/schema.org","@graph":[{"@type":"WebPage","@id":"https:\/\/kvasquezlaw.com\/privacy-policy\/","url":"https:\/\/kvasquezlaw.com\/privacy-policy\/","name":"Privacy Policy - KVASQUEZ LAW","isPartOf":{"@id":"https:\/\/kvasquezlaw.com\/#website"},"datePublished":"2025-01-06T22:05:45+00:00","dateModified":"2025-04-09T16:26:52+00:00","breadcrumb":{"@id":"https:\/\/kvasquezlaw.com\/privacy-policy\/#breadcrumb"},"inLanguage":"es-CO","potentialAction":[{"@type":"ReadAction","target":["https:\/\/kvasquezlaw.com\/privacy-policy\/"]}]},{"@type":"BreadcrumbList","@id":"https:\/\/kvasquezlaw.com\/privacy-policy\/#breadcrumb","itemListElement":[{"@type":"ListItem","position":1,"name":"Home","item":"https:\/\/kvasquezlaw.com\/"},{"@type":"ListItem","position":2,"name":"Privacy Policy"}]},{"@type":"WebSite","@id":"https:\/\/kvasquezlaw.com\/#website","url":"https:\/\/kvasquezlaw.com\/","name":"KVASQUEZ LAW","description":"Otro sitio de Elementor Template Kit Sites","publisher":{"@id":"https:\/\/kvasquezlaw.com\/#organization"},"potentialAction":[{"@type":"SearchAction","target":{"@type":"EntryPoint","urlTemplate":"https:\/\/kvasquezlaw.com\/?s={search_term_string}"},"query-input":{"@type":"PropertyValueSpecification","valueRequired":true,"valueName":"search_term_string"}}],"inLanguage":"es-CO"},{"@type":"Organization","@id":"https:\/\/kvasquezlaw.com\/#organization","name":"KVASQUEZ LAW","url":"https:\/\/kvasquezlaw.com\/","logo":{"@type":"ImageObject","inLanguage":"es-CO","@id":"https:\/\/kvasquezlaw.com\/#\/schema\/logo\/image\/","url":"https:\/\/i0.wp.com\/kvasquezlaw.com\/wp-content\/uploads\/2024\/01\/Transparent-Logo-NEW-COLOR.png?fit=2325%2C1042&ssl=1","contentUrl":"https:\/\/i0.wp.com\/kvasquezlaw.com\/wp-content\/uploads\/2024\/01\/Transparent-Logo-NEW-COLOR.png?fit=2325%2C1042&ssl=1","width":2325,"height":1042,"caption":"KVASQUEZ LAW"},"image":{"@id":"https:\/\/kvasquezlaw.com\/#\/schema\/logo\/image\/"}}]}},"jetpack_sharing_enabled":true,"_links":{"self":[{"href":"https:\/\/kvasquezlaw.com\/es\/wp-json\/wp\/v2\/pages\/1154","targetHints":{"allow":["GET"]}}],"collection":[{"href":"https:\/\/kvasquezlaw.com\/es\/wp-json\/wp\/v2\/pages"}],"about":[{"href":"https:\/\/kvasquezlaw.com\/es\/wp-json\/wp\/v2\/types\/page"}],"author":[{"embeddable":true,"href":"https:\/\/kvasquezlaw.com\/es\/wp-json\/wp\/v2\/users\/1"}],"replies":[{"embeddable":true,"href":"https:\/\/kvasquezlaw.com\/es\/wp-json\/wp\/v2\/comments?post=1154"}],"version-history":[{"count":20,"href":"https:\/\/kvasquezlaw.com\/es\/wp-json\/wp\/v2\/pages\/1154\/revisions"}],"predecessor-version":[{"id":1348,"href":"https:\/\/kvasquezlaw.com\/es\/wp-json\/wp\/v2\/pages\/1154\/revisions\/1348"}],"wp:attachment":[{"href":"https:\/\/kvasquezlaw.com\/es\/wp-json\/wp\/v2\/media?parent=1154"}],"curies":[{"name":"wp","href":"https:\/\/api.w.org\/{rel}","templated":true}]}}